{"id":9759,"date":"2020-12-18T18:46:12","date_gmt":"2020-12-18T20:46:12","guid":{"rendered":"http:\/\/rowe.com.br\/portfolio\/?post_type=product&#038;p=9759"},"modified":"2020-12-22T18:32:57","modified_gmt":"2020-12-22T20:32:57","slug":"calendario-de-estrelas","status":"publish","type":"product","link":"https:\/\/rowe.com.br\/portfolio\/shop\/calendario-de-estrelas\/","title":{"rendered":"Calend\u00e1rio de estrelas"},"content":{"rendered":"","protected":false},"excerpt":{"rendered":"","protected":false},"featured_media":9761,"comment_status":"open","ping_status":"closed","template":"","meta":{"jetpack_post_was_ever_published":false,"jetpack_publicize_message":"","jetpack_publicize_feature_enabled":true,"jetpack_social_post_already_shared":false,"jetpack_social_options":{"image_generator_settings":{"template":"highway","default_image_id":0,"font":"","enabled":false},"version":2}},"product_brand":[],"product_cat":[2515],"product_tag":[],"class_list":{"0":"post-9759","1":"product","2":"type-product","3":"status-publish","4":"has-post-thumbnail","6":"product_cat-downloads-gratis","7":"pif-has-gallery","9":"first","10":"instock","11":"downloadable","12":"shipping-taxable","13":"product-type-simple"},"yoast_head":"<!-- This site is optimized with the Yoast SEO plugin v27.4 - https:\/\/yoast.com\/product\/yoast-seo-wordpress\/ -->\n<title>Calend\u00e1rio de estrelas - Ilustradoria<\/title>\n<meta name=\"robots\" content=\"noindex, follow\" \/>\n<meta property=\"og:locale\" content=\"pt_BR\" \/>\n<meta property=\"og:type\" content=\"article\" \/>\n<meta property=\"og:title\" content=\"Calend\u00e1rio de estrelas - Ilustradoria\" \/>\n<meta property=\"og:url\" content=\"https:\/\/rowe.com.br\/portfolio\/shop\/calendario-de-estrelas\/\" \/>\n<meta property=\"og:site_name\" content=\"Ilustradoria\" \/>\n<meta property=\"article:publisher\" content=\"https:\/\/www.facebook.com\/roweigand\" \/>\n<meta property=\"article:modified_time\" content=\"2020-12-22T20:32:57+00:00\" \/>\n<meta property=\"og:image\" content=\"https:\/\/i1.wp.com\/rowe.com.br\/wp-content\/uploads\/2020\/12\/calendario-base-2021c.jpg?fit=595%2C841&ssl=1\" \/>\n\t<meta property=\"og:image:width\" content=\"595\" \/>\n\t<meta property=\"og:image:height\" content=\"841\" \/>\n\t<meta property=\"og:image:type\" content=\"image\/jpeg\" \/>\n<script type=\"application\/ld+json\" class=\"yoast-schema-graph\">{\"@context\":\"https:\\\/\\\/schema.org\",\"@graph\":[{\"@type\":\"WebPage\",\"@id\":\"https:\\\/\\\/rowe.com.br\\\/portfolio\\\/shop\\\/calendario-de-estrelas\\\/\",\"url\":\"https:\\\/\\\/rowe.com.br\\\/portfolio\\\/shop\\\/calendario-de-estrelas\\\/\",\"name\":\"Calend\u00e1rio de estrelas - Ilustradoria\",\"isPartOf\":{\"@id\":\"https:\\\/\\\/rowe.com.br\\\/portfolio\\\/#website\"},\"primaryImageOfPage\":{\"@id\":\"https:\\\/\\\/rowe.com.br\\\/portfolio\\\/shop\\\/calendario-de-estrelas\\\/#primaryimage\"},\"image\":{\"@id\":\"https:\\\/\\\/rowe.com.br\\\/portfolio\\\/shop\\\/calendario-de-estrelas\\\/#primaryimage\"},\"thumbnailUrl\":\"https:\\\/\\\/i0.wp.com\\\/rowe.com.br\\\/wp-content\\\/uploads\\\/2020\\\/12\\\/calendario-base-2021c.jpg?fit=595%2C841&ssl=1\",\"datePublished\":\"2020-12-18T20:46:12+00:00\",\"dateModified\":\"2020-12-22T20:32:57+00:00\",\"breadcrumb\":{\"@id\":\"https:\\\/\\\/rowe.com.br\\\/portfolio\\\/shop\\\/calendario-de-estrelas\\\/#breadcrumb\"},\"inLanguage\":\"pt-BR\",\"potentialAction\":[{\"@type\":\"ReadAction\",\"target\":[\"https:\\\/\\\/rowe.com.br\\\/portfolio\\\/shop\\\/calendario-de-estrelas\\\/\"]}]},{\"@type\":\"ImageObject\",\"inLanguage\":\"pt-BR\",\"@id\":\"https:\\\/\\\/rowe.com.br\\\/portfolio\\\/shop\\\/calendario-de-estrelas\\\/#primaryimage\",\"url\":\"https:\\\/\\\/i0.wp.com\\\/rowe.com.br\\\/wp-content\\\/uploads\\\/2020\\\/12\\\/calendario-base-2021c.jpg?fit=595%2C841&ssl=1\",\"contentUrl\":\"https:\\\/\\\/i0.wp.com\\\/rowe.com.br\\\/wp-content\\\/uploads\\\/2020\\\/12\\\/calendario-base-2021c.jpg?fit=595%2C841&ssl=1\",\"width\":595,\"height\":841},{\"@type\":\"BreadcrumbList\",\"@id\":\"https:\\\/\\\/rowe.com.br\\\/portfolio\\\/shop\\\/calendario-de-estrelas\\\/#breadcrumb\",\"itemListElement\":[{\"@type\":\"ListItem\",\"position\":1,\"name\":\"Home\",\"item\":\"https:\\\/\\\/rowe.com.br\\\/portfolio\\\/\"},{\"@type\":\"ListItem\",\"position\":2,\"name\":\"Shop\",\"item\":\"https:\\\/\\\/rowe.com.br\\\/portfolio\\\/shop\\\/\"},{\"@type\":\"ListItem\",\"position\":3,\"name\":\"Calend\u00e1rio de estrelas\"}]},{\"@type\":\"WebSite\",\"@id\":\"https:\\\/\\\/rowe.com.br\\\/portfolio\\\/#website\",\"url\":\"https:\\\/\\\/rowe.com.br\\\/portfolio\\\/\",\"name\":\"Ilustradoria\",\"description\":\"Portfolio do est\u00fadio de ilustra\u00e7\u00e3o Roberto Weigand\",\"publisher\":{\"@id\":\"https:\\\/\\\/rowe.com.br\\\/portfolio\\\/#organization\"},\"potentialAction\":[{\"@type\":\"SearchAction\",\"target\":{\"@type\":\"EntryPoint\",\"urlTemplate\":\"https:\\\/\\\/rowe.com.br\\\/portfolio\\\/?s={search_term_string}\"},\"query-input\":{\"@type\":\"PropertyValueSpecification\",\"valueRequired\":true,\"valueName\":\"search_term_string\"}}],\"inLanguage\":\"pt-BR\"},{\"@type\":\"Organization\",\"@id\":\"https:\\\/\\\/rowe.com.br\\\/portfolio\\\/#organization\",\"name\":\"Ilustradoria - Ilustra\u00e7\u00e3o e Design Editorial\",\"url\":\"https:\\\/\\\/rowe.com.br\\\/portfolio\\\/\",\"logo\":{\"@type\":\"ImageObject\",\"inLanguage\":\"pt-BR\",\"@id\":\"https:\\\/\\\/rowe.com.br\\\/portfolio\\\/#\\\/schema\\\/logo\\\/image\\\/\",\"url\":\"https:\\\/\\\/rowe.com.br\\\/wp-content\\\/uploads\\\/2019\\\/04\\\/ilustradoria_logo_200.png\",\"contentUrl\":\"https:\\\/\\\/rowe.com.br\\\/wp-content\\\/uploads\\\/2019\\\/04\\\/ilustradoria_logo_200.png\",\"width\":200,\"height\":46,\"caption\":\"Ilustradoria - Ilustra\u00e7\u00e3o e Design Editorial\"},\"image\":{\"@id\":\"https:\\\/\\\/rowe.com.br\\\/portfolio\\\/#\\\/schema\\\/logo\\\/image\\\/\"},\"sameAs\":[\"https:\\\/\\\/www.facebook.com\\\/roweigand\",\"https:\\\/\\\/x.com\\\/rowestudio\",\"https:\\\/\\\/www.instagram.com\\\/rowestudio\\\/\",\"https:\\\/\\\/www.linkedin.com\\\/in\\\/roweigand\",\"https:\\\/\\\/br.pinterest.com\\\/robertoweigand\\\/\"]}]}<\/script>\n<!-- \/ Yoast SEO plugin. -->","yoast_head_json":{"title":"Calend\u00e1rio de estrelas - Ilustradoria","robots":{"index":"noindex","follow":"follow"},"og_locale":"pt_BR","og_type":"article","og_title":"Calend\u00e1rio de estrelas - Ilustradoria","og_url":"https:\/\/rowe.com.br\/portfolio\/shop\/calendario-de-estrelas\/","og_site_name":"Ilustradoria","article_publisher":"https:\/\/www.facebook.com\/roweigand","article_modified_time":"2020-12-22T20:32:57+00:00","og_image":[{"width":595,"height":841,"url":"https:\/\/i1.wp.com\/rowe.com.br\/wp-content\/uploads\/2020\/12\/calendario-base-2021c.jpg?fit=595%2C841&ssl=1","type":"image\/jpeg"}],"schema":{"@context":"https:\/\/schema.org","@graph":[{"@type":"WebPage","@id":"https:\/\/rowe.com.br\/portfolio\/shop\/calendario-de-estrelas\/","url":"https:\/\/rowe.com.br\/portfolio\/shop\/calendario-de-estrelas\/","name":"Calend\u00e1rio de estrelas - Ilustradoria","isPartOf":{"@id":"https:\/\/rowe.com.br\/portfolio\/#website"},"primaryImageOfPage":{"@id":"https:\/\/rowe.com.br\/portfolio\/shop\/calendario-de-estrelas\/#primaryimage"},"image":{"@id":"https:\/\/rowe.com.br\/portfolio\/shop\/calendario-de-estrelas\/#primaryimage"},"thumbnailUrl":"https:\/\/i0.wp.com\/rowe.com.br\/wp-content\/uploads\/2020\/12\/calendario-base-2021c.jpg?fit=595%2C841&ssl=1","datePublished":"2020-12-18T20:46:12+00:00","dateModified":"2020-12-22T20:32:57+00:00","breadcrumb":{"@id":"https:\/\/rowe.com.br\/portfolio\/shop\/calendario-de-estrelas\/#breadcrumb"},"inLanguage":"pt-BR","potentialAction":[{"@type":"ReadAction","target":["https:\/\/rowe.com.br\/portfolio\/shop\/calendario-de-estrelas\/"]}]},{"@type":"ImageObject","inLanguage":"pt-BR","@id":"https:\/\/rowe.com.br\/portfolio\/shop\/calendario-de-estrelas\/#primaryimage","url":"https:\/\/i0.wp.com\/rowe.com.br\/wp-content\/uploads\/2020\/12\/calendario-base-2021c.jpg?fit=595%2C841&ssl=1","contentUrl":"https:\/\/i0.wp.com\/rowe.com.br\/wp-content\/uploads\/2020\/12\/calendario-base-2021c.jpg?fit=595%2C841&ssl=1","width":595,"height":841},{"@type":"BreadcrumbList","@id":"https:\/\/rowe.com.br\/portfolio\/shop\/calendario-de-estrelas\/#breadcrumb","itemListElement":[{"@type":"ListItem","position":1,"name":"Home","item":"https:\/\/rowe.com.br\/portfolio\/"},{"@type":"ListItem","position":2,"name":"Shop","item":"https:\/\/rowe.com.br\/portfolio\/shop\/"},{"@type":"ListItem","position":3,"name":"Calend\u00e1rio de estrelas"}]},{"@type":"WebSite","@id":"https:\/\/rowe.com.br\/portfolio\/#website","url":"https:\/\/rowe.com.br\/portfolio\/","name":"Ilustradoria","description":"Portfolio do est\u00fadio de ilustra\u00e7\u00e3o Roberto Weigand","publisher":{"@id":"https:\/\/rowe.com.br\/portfolio\/#organization"},"potentialAction":[{"@type":"SearchAction","target":{"@type":"EntryPoint","urlTemplate":"https:\/\/rowe.com.br\/portfolio\/?s={search_term_string}"},"query-input":{"@type":"PropertyValueSpecification","valueRequired":true,"valueName":"search_term_string"}}],"inLanguage":"pt-BR"},{"@type":"Organization","@id":"https:\/\/rowe.com.br\/portfolio\/#organization","name":"Ilustradoria - Ilustra\u00e7\u00e3o e Design Editorial","url":"https:\/\/rowe.com.br\/portfolio\/","logo":{"@type":"ImageObject","inLanguage":"pt-BR","@id":"https:\/\/rowe.com.br\/portfolio\/#\/schema\/logo\/image\/","url":"https:\/\/rowe.com.br\/wp-content\/uploads\/2019\/04\/ilustradoria_logo_200.png","contentUrl":"https:\/\/rowe.com.br\/wp-content\/uploads\/2019\/04\/ilustradoria_logo_200.png","width":200,"height":46,"caption":"Ilustradoria - Ilustra\u00e7\u00e3o e Design Editorial"},"image":{"@id":"https:\/\/rowe.com.br\/portfolio\/#\/schema\/logo\/image\/"},"sameAs":["https:\/\/www.facebook.com\/roweigand","https:\/\/x.com\/rowestudio","https:\/\/www.instagram.com\/rowestudio\/","https:\/\/www.linkedin.com\/in\/roweigand","https:\/\/br.pinterest.com\/robertoweigand\/"]}]}},"jetpack_publicize_connections":[],"jetpack_sharing_enabled":true,"_links":{"self":[{"href":"https:\/\/rowe.com.br\/portfolio\/wp-json\/wp\/v2\/product\/9759","targetHints":{"allow":["GET"]}}],"collection":[{"href":"https:\/\/rowe.com.br\/portfolio\/wp-json\/wp\/v2\/product"}],"about":[{"href":"https:\/\/rowe.com.br\/portfolio\/wp-json\/wp\/v2\/types\/product"}],"replies":[{"embeddable":true,"href":"https:\/\/rowe.com.br\/portfolio\/wp-json\/wp\/v2\/comments?post=9759"}],"wp:featuredmedia":[{"embeddable":true,"href":"https:\/\/rowe.com.br\/portfolio\/wp-json\/wp\/v2\/media\/9761"}],"wp:attachment":[{"href":"https:\/\/rowe.com.br\/portfolio\/wp-json\/wp\/v2\/media?parent=9759"}],"wp:term":[{"taxonomy":"product_brand","embeddable":true,"href":"https:\/\/rowe.com.br\/portfolio\/wp-json\/wp\/v2\/product_brand?post=9759"},{"taxonomy":"product_cat","embeddable":true,"href":"https:\/\/rowe.com.br\/portfolio\/wp-json\/wp\/v2\/product_cat?post=9759"},{"taxonomy":"product_tag","embeddable":true,"href":"https:\/\/rowe.com.br\/portfolio\/wp-json\/wp\/v2\/product_tag?post=9759"}],"curies":[{"name":"wp","href":"https:\/\/api.w.org\/{rel}","templated":true}]}}