{"id":2328,"date":"2011-04-08T03:56:41","date_gmt":"2011-04-08T05:56:41","guid":{"rendered":"http:\/\/www.robertoweigand.com.br\/blog2\/?page_id=2328"},"modified":"2020-12-19T20:08:01","modified_gmt":"2020-12-19T22:08:01","slug":"entre-em-contato","status":"publish","type":"page","link":"https:\/\/rowe.com.br\/portfolio\/entre-em-contato\/","title":{"rendered":"Entre em contato"},"content":{"rendered":"<div class=\"wpb-content-wrapper\"><p>[vc_row overflow=&#8221;default&#8221; css=&#8221;.vc_custom_1608010659972{padding-top: 50px !important;padding-bottom: 70px !important;background-color: rgba(255,255,255,0.01) !important;*background-color: rgb(255,255,255) !important;}&#8221; padding_tablet=&#8221;30px 0px 60px 0px&#8221;][vc_column width=&#8221;1\/3&#8243;]\r\n<div class=\"sh-iconbox sh-iconbox-style2 sh-iconbox-left improved-responsiveness\" id=\"iconbox-r9N56XEHZI\">\r\n\t\r\n\t\t\t\t\t<div class=\"sh-iconbox-icon\">\r\n\t\t\t\t<div class=\"sh-iconbox-icon-shape sh-iconbox-square\">\r\n\t\t\t\t\t<i class=\"sh-iconbox-hover ti-time\"><\/i>\r\n\r\n\t\t\t\t\t\t\t\t\t<\/div>\r\n\t\t\t<\/div>\r\n\t\t\r\n\t\t<div class=\"sh-iconbox-aside\">\r\n\t\t\t<div class=\"sh-iconbox-title\">\r\n\t\t\t\t\t\t\t\t\t<h3>HOR\u00c1RIO DE TRABALHO<\/h3>\r\n\t\t\t\t\t\t\t<\/div>\r\n\t\t\t<div class=\"sh-iconbox-seperator\"><\/div>\r\n\t\t\t<div class=\"sh-iconbox-content\">\r\n\t\t\t\tSeg &#8211; Dom, 24 hrs por dia&#8230;\t\t\t<\/div>\r\n\t\t<\/div>\r\n\r\n\t<\/div>\r\n            <style type=\"text\/css\">\r\n                #iconbox-r9N56XEHZI .sh-iconbox-title h3 {color: #505050;font-size: 14px;font-family: 'Montserrat'!important;}#iconbox-r9N56XEHZI.sh-iconbox-left .sh-iconbox-aside {margin-left: 8px;}#iconbox-r9N56XEHZI .sh-iconbox-hover {font-size: 40px;}#iconbox-r9N56XEHZI.sh-iconbox-left .sh-iconbox-aside {padding-left: 70px;}#iconbox-r9N56XEHZI .sh-iconbox-hover {color: #3ce2ad;}#iconbox-r9N56XEHZI.sh-iconbox-style6 .sh-iconbox-hover {text-shadow: -3px 2px rgba(60,226,173,0.3);}            <\/style>\r\n        [\/vc_column][vc_column width=&#8221;1\/3&#8243;]\r\n<div class=\"sh-iconbox sh-iconbox-style2 sh-iconbox-left improved-responsiveness\" id=\"iconbox-UmXau6YHeA\">\r\n\t\r\n\t\t\t\t\t<div class=\"sh-iconbox-icon\">\r\n\t\t\t\t<div class=\"sh-iconbox-icon-shape sh-iconbox-square\">\r\n\t\t\t\t\t<i class=\"sh-iconbox-hover icon-envelope\"><\/i>\r\n\r\n\t\t\t\t\t\t\t\t\t<\/div>\r\n\t\t\t<\/div>\r\n\t\t\r\n\t\t<div class=\"sh-iconbox-aside\">\r\n\t\t\t<div class=\"sh-iconbox-title\">\r\n\t\t\t\t\t\t\t\t\t<a href=\"mailto:rowe@rowe.com.br\">\r\n\t\t\t\t\t\t<h3>E-MAIL<\/h3>\r\n\t\t\t\t\t<\/a>\r\n\t\t\t\t\t\t\t<\/div>\r\n\t\t\t<div class=\"sh-iconbox-seperator\"><\/div>\r\n\t\t\t<div class=\"sh-iconbox-content\">\r\n\t\t\t\trowe(arroba)rowe.com.br\t\t\t<\/div>\r\n\t\t<\/div>\r\n\r\n\t<\/div>\r\n            <style type=\"text\/css\">\r\n                #iconbox-UmXau6YHeA .sh-iconbox-title h3 {color: #505050;font-size: 14px;font-family: 'Montserrat'!important;}#iconbox-UmXau6YHeA.sh-iconbox-left .sh-iconbox-aside {margin-left: 8px;}#iconbox-UmXau6YHeA .sh-iconbox-hover {font-size: 40px;}#iconbox-UmXau6YHeA.sh-iconbox-left .sh-iconbox-aside {padding-left: 70px;}#iconbox-UmXau6YHeA .sh-iconbox-hover {color: #3ce2ad;}#iconbox-UmXau6YHeA.sh-iconbox-style6 .sh-iconbox-hover {text-shadow: -3px 2px rgba(60,226,173,0.3);}            <\/style>\r\n        [\/vc_column][vc_column width=&#8221;1\/3&#8243;]\r\n<div class=\"sh-iconbox sh-iconbox-style2 sh-iconbox-left improved-responsiveness\" id=\"iconbox-4YB5yE2KFT\">\r\n\t\r\n\t\t\t\t\t<div class=\"sh-iconbox-icon\">\r\n\t\t\t\t<div class=\"sh-iconbox-icon-shape sh-iconbox-square\">\r\n\t\t\t\t\t<i class=\"sh-iconbox-hover fa fa-whatsapp\"><\/i>\r\n\r\n\t\t\t\t\t\t\t\t\t<\/div>\r\n\t\t\t<\/div>\r\n\t\t\r\n\t\t<div class=\"sh-iconbox-aside\">\r\n\t\t\t<div class=\"sh-iconbox-title\">\r\n\t\t\t\t\t\t\t\t\t<a href=\"https:\/\/api.whatsapp.com\/send?phone=5511995668890&#038;text=sua%20mensagem\">\r\n\t\t\t\t\t\t<h3>TELEFONE \/ WHATSAPP<\/h3>\r\n\t\t\t\t\t<\/a>\r\n\t\t\t\t\t\t\t<\/div>\r\n\t\t\t<div class=\"sh-iconbox-seperator\"><\/div>\r\n\t\t\t<div class=\"sh-iconbox-content\">\r\n\t\t\t\t(+55) 11 995668890\t\t\t<\/div>\r\n\t\t<\/div>\r\n\r\n\t<\/div>\r\n            <style type=\"text\/css\">\r\n                #iconbox-4YB5yE2KFT .sh-iconbox-title h3 {color: #505050;font-size: 14px;font-family: 'Montserrat'!important;}#iconbox-4YB5yE2KFT.sh-iconbox-left .sh-iconbox-aside {margin-left: 8px;}#iconbox-4YB5yE2KFT .sh-iconbox-hover {font-size: 40px;}#iconbox-4YB5yE2KFT.sh-iconbox-left .sh-iconbox-aside {padding-left: 70px;}#iconbox-4YB5yE2KFT .sh-iconbox-hover {color: #3ce2ad;}#iconbox-4YB5yE2KFT.sh-iconbox-style6 .sh-iconbox-hover {text-shadow: -3px 2px rgba(60,226,173,0.3);}            <\/style>\r\n        [\/vc_column][\/vc_row][vc_row full_width=&#8221;stretch_row&#8221; content_placement=&#8221;middle&#8221; overflow=&#8221;default&#8221; css=&#8221;.vc_custom_1608411732667{margin-bottom: 0px !important;padding-top: 80px !important;padding-bottom: 80px !important;background-image: url(http:\/\/rowe.com.br\/wp-content\/uploads\/2018\/03\/Slider_800_ajudaris-1.jpg?id=6854) !important;}&#8221;][vc_column css_animation=&#8221;none&#8221; width=&#8221;5\/12&#8243; shadow=&#8221;shadow2&#8243; overflow=&#8221;default&#8221; css=&#8221;.vc_custom_1608412318797{padding-top: 20px !important;padding-right: 5% !important;padding-left: 5% !important;background-color: #ffffff !important;}&#8221; el_class=&#8221;.blococontato&#8221; el_id=&#8221;#contatoform&#8221;][vc_column_text css_animation=&#8221;fadeIn&#8221; css=&#8221;.vc_custom_1608414528182{margin-top: 0px !important;margin-bottom: 0px !important;padding-top: 10px !important;padding-bottom: 30px !important;}&#8221;]<strong>Envie um email<\/strong>[\/vc_column_text]\r\n            <style media=\"screen\">\r\n                                #cf7-9677 label {\r\n                                            font-size: 13px;\r\n                    \r\n                                            color: #666666!important;\r\n                    \r\n                                            font-weight: 300!important;\r\n                    \r\n                                    }\r\n\r\n\r\n\r\n\r\n                                #cf7-9677 input:not([type=\"submit\"]),\r\n                #cf7-9677 select,\r\n                #cf7-9677 textarea,\r\n                #cf7-9677 .SumoSelect > .CaptionCont {\r\n                    \r\n                    \r\n                    \r\n                                            background-color: #f2f2f2!important;\r\n                    \r\n                    \r\n                    \r\n                    \r\n                    transition: 0.3s all ease-in-out;\r\n                }\r\n\r\n\r\n                #cf7-9677 input:not([type=\"submit\"]):hover,\r\n                #cf7-9677 select:hover,\r\n                #cf7-9677 textarea:hover {\r\n                    \r\n                    \r\n                                    }\r\n\r\n\r\n                #cf7-9677 input:not([type=\"submit\"]):focus,\r\n                #cf7-9677 select:focus,\r\n                #cf7-9677 textarea:focus {\r\n                    \r\n                    \r\n                                    }\r\n\r\n\r\n                \r\n\r\n                                    #cf7-9677 input:not([type=\"submit\"]),\r\n                    #cf7-9677 select,\r\n                    #cf7-9677 .SumoSelect > .CaptionCont {\r\n                        height: 28px!important;\r\n                        line-height: 28px!important;\r\n                    }\r\n\r\n                    #cf7-9677 .SumoSelect.open > .optWrapper {\r\n                        top: 34px!important;\r\n                    }\r\n\r\n                                    \r\n                                    #cf7-9677:not(.sh-cf7-layout-inline)  .wpcf7-form-control-wrap {\r\n                        \r\n                                            \t    margin-top: 0px!important;\r\n                                            }\r\n                \r\n\r\n\r\n\r\n                                #cf7-9677 .wpcf7-submit {\r\n\r\n                    \r\n                    \r\n                    \r\n                    \r\n                    \r\n                    \r\n                    \r\n                    \r\n                    \r\n                    \r\n                    \r\n                                    }\r\n\r\n\r\n                \r\n\r\n                \r\n\r\n                            <\/style>\r\n\r\n\r\n            <div id=\"cf7-9677\" class=\"sh-cf7 sh-cf7-wpbakery sh-cf7-style1 sh-cf7-layout-default sh-cf7-submit-align-center sh-cf7-submit-mobile-align-center\">\r\n                \n<div class=\"wpcf7 no-js\" id=\"wpcf7-f9677-o1\" lang=\"pt-BR\" dir=\"ltr\" data-wpcf7-id=\"9677\">\n<div class=\"screen-reader-response\"><p role=\"status\" aria-live=\"polite\" aria-atomic=\"true\"><\/p> <ul><\/ul><\/div>\n<form action=\"\/portfolio\/wp-json\/wp\/v2\/pages\/2328#wpcf7-f9677-o1\" method=\"post\" class=\"wpcf7-form init 934233682f47 cmatic-conn cmatic-aud-2 cmatic-mapd0-0 cmatic-v097802 cmatic-sent-0 cmatic-total-108\" aria-label=\"Formul\u00e1rios de contato\" novalidate=\"novalidate\" data-status=\"init\">\n<fieldset class=\"hidden-fields-container\"><input type=\"hidden\" name=\"_wpcf7\" value=\"9677\" \/><input type=\"hidden\" name=\"_wpcf7_version\" value=\"6.1.5\" \/><input type=\"hidden\" name=\"_wpcf7_locale\" value=\"pt_BR\" \/><input type=\"hidden\" name=\"_wpcf7_unit_tag\" value=\"wpcf7-f9677-o1\" \/><input type=\"hidden\" name=\"_wpcf7_container_post\" value=\"0\" \/><input type=\"hidden\" name=\"_wpcf7_posted_data_hash\" value=\"\" \/><input type=\"hidden\" name=\"_wpcf7_recaptcha_response\" value=\"\" \/>\n<\/fieldset>\n<div class=\"sh-cf7-body\"><p><label> Nome (required)<br \/>\n<span class=\"wpcf7-form-control-wrap\" data-name=\"your-name\"><input size=\"40\" maxlength=\"400\" class=\"wpcf7-form-control wpcf7-text wpcf7-validates-as-required\" aria-required=\"true\" aria-invalid=\"false\" value=\"\" type=\"text\" name=\"your-name\" \/><\/span> <\/label><br \/>\n<label> Sobrenome (required)<br \/>\n<span class=\"wpcf7-form-control-wrap\" data-name=\"your-surname\"><input size=\"40\" maxlength=\"400\" class=\"wpcf7-form-control wpcf7-text wpcf7-validates-as-required\" aria-required=\"true\" aria-invalid=\"false\" value=\"\" type=\"text\" name=\"your-surname\" \/><\/span> <\/label><br \/>\n<label> Email (required)<br \/>\n<span class=\"wpcf7-form-control-wrap\" data-name=\"your-email\"><input size=\"40\" maxlength=\"400\" class=\"wpcf7-form-control wpcf7-email wpcf7-validates-as-required wpcf7-text wpcf7-validates-as-email\" aria-required=\"true\" aria-invalid=\"false\" value=\"\" type=\"email\" name=\"your-email\" \/><\/span> <\/label><br \/>\n<label> Assunto (required)<br \/>\n<span class=\"wpcf7-form-control-wrap\" data-name=\"your-subject\"><input size=\"40\" maxlength=\"400\" class=\"wpcf7-form-control wpcf7-text wpcf7-validates-as-required\" aria-required=\"true\" aria-invalid=\"false\" value=\"\" type=\"text\" name=\"your-subject\" \/><\/span> <\/label><br \/>\n<label> Mensagem<br \/>\n<span class=\"wpcf7-form-control-wrap\" data-name=\"your-message\"><textarea cols=\"40\" rows=\"10\" maxlength=\"2000\" class=\"wpcf7-form-control wpcf7-textarea\" aria-invalid=\"false\" name=\"your-message\"><\/textarea><\/span> <\/label><br \/>\n<label> <span class=\"wpcf7-form-control-wrap\" data-name=\"opt-in\"><span class=\"wpcf7-form-control wpcf7-checkbox\"><span class=\"wpcf7-list-item first last\"><input type=\"checkbox\" name=\"opt-in[]\" value=\"Subscribe me your mailing list\" \/><span class=\"wpcf7-list-item-label\">Subscribe me your mailing list<\/span><\/span><\/span><\/span> <\/label><br \/>\n<label>\n\t<span class=\"wpcf7-form-control-wrap recaptcha\" data-name=\"recaptcha\"><span data-sitekey=\"6LefHQ4UAAAAAOHpPNmaGCjbV8pwI5vE1rWZYcqu\" class=\"wpcf7-form-control wpcf7-recaptcha g-recaptcha contato\" id=\"contato\"><\/span>\r\n<noscript>\r\n\t<div class=\"grecaptcha-noscript\">\r\n\t\t<iframe loading=\"lazy\" src=\"https:\/\/www.google.com\/recaptcha\/api\/fallback?k=6LefHQ4UAAAAAOHpPNmaGCjbV8pwI5vE1rWZYcqu\" frameborder=\"0\" scrolling=\"no\" width=\"310\" height=\"430\">\r\n\t\t<\/iframe>\r\n\t\t<textarea name=\"g-recaptcha-response\" rows=\"3\" cols=\"40\" placeholder=\"reCaptcha Response Here\">\r\n\t\t<\/textarea>\r\n\t<\/div>\r\n<\/noscript>\r\n<\/span><\/label><br \/>\n<input class=\"wpcf7-form-control wpcf7-submit has-spinner\" type=\"submit\" value=\"Enviar\" \/>\n<\/p><\/div><p style=\"display: none !important;\" class=\"akismet-fields-container\" data-prefix=\"_wpcf7_ak_\"><label>&#916;<textarea name=\"_wpcf7_ak_hp_textarea\" cols=\"45\" rows=\"8\" maxlength=\"100\"><\/textarea><\/label><input type=\"hidden\" id=\"ak_js_1\" name=\"_wpcf7_ak_js\" value=\"135\"\/><script>document.getElementById( \"ak_js_1\" ).setAttribute( \"value\", ( new Date() ).getTime() );<\/script><\/p><div class=\"wpcf7-response-output\" aria-hidden=\"true\"><\/div>\n<\/form>\n<\/div>\n            <\/div>\r\n\r\n        \r\n            \r\n            <div class=\"sh-empty-space vc_empty_space sh-empty-space-UVGHt3jeIT  \" style=\"height: 25px\">\r\n                <span class=\"vc_empty_space_inner\"><\/span>\r\n            <\/div>\r\n\r\n        [\/vc_column][\/vc_row]<\/p>\n<\/div>","protected":false},"excerpt":{"rendered":"<p>[vc_row overflow=&#8221;default&#8221; css=&#8221;.vc_custom_1608010659972{padding-top: 50px !important;padding-bottom: 70px !important;background-color: rgba(255,255,255,0.01) !important;*background-color: rgb(255,255,255) !important;}&#8221; padding_tablet=&#8221;30px 0px 60px 0px&#8221;][vc_column width=&#8221;1\/3&#8243;][\/vc_column][vc_column width=&#8221;1\/3&#8243;][\/vc_column][vc_column width=&#8221;1\/3&#8243;][\/vc_column][\/vc_row][vc_row full_width=&#8221;stretch_row&#8221; content_placement=&#8221;middle&#8221; overflow=&#8221;default&#8221; css=&#8221;.vc_custom_1608411732667{margin-bottom: 0px !important;padding-top: 80px !important;padding-bottom: 80px !important;background-image: url(http:\/\/rowe.com.br\/wp-content\/uploads\/2018\/03\/Slider_800_ajudaris-1.jpg?id=6854) !important;}&#8221;][vc_column css_animation=&#8221;none&#8221; width=&#8221;5\/12&#8243; shadow=&#8221;shadow2&#8243; overflow=&#8221;default&#8221; css=&#8221;.vc_custom_1608412318797{padding-top: 20px !important;padding-right: 5% !important;padding-left: 5% !important;background-color: #ffffff !important;}&#8221; el_class=&#8221;.blococontato&#8221; el_id=&#8221;#contatoform&#8221;][vc_column_text&#8230;<\/p>\n","protected":false},"author":1,"featured_media":0,"parent":0,"menu_order":6,"comment_status":"closed","ping_status":"closed","template":"","meta":{"jetpack_post_was_ever_published":false,"footnotes":""},"class_list":["post-2328","page","type-page","status-publish","hentry"],"yoast_head":"<!-- This site is optimized with the Yoast SEO plugin v27.4 - https:\/\/yoast.com\/product\/yoast-seo-wordpress\/ -->\n<title>Contato - Roberto Weigand Est\u00fadio<\/title>\n<meta name=\"description\" content=\"Contatos do ilustrador Roberto Weigand. WhatsApp: (11) 99566-8890. Rua Diana, 715 - Cj 82 P - CEP 05019-000\" \/>\n<meta name=\"robots\" content=\"index, follow, max-snippet:-1, max-image-preview:large, max-video-preview:-1\" \/>\n<link rel=\"canonical\" href=\"https:\/\/rowe.com.br\/portfolio\/entre-em-contato\/\" \/>\n<meta property=\"og:locale\" content=\"pt_BR\" \/>\n<meta property=\"og:type\" content=\"article\" \/>\n<meta property=\"og:title\" content=\"Contato - Roberto Weigand Est\u00fadio\" \/>\n<meta property=\"og:description\" content=\"Contatos do ilustrador Roberto Weigand. WhatsApp: (11) 99566-8890. Rua Diana, 715 - Cj 82 P - CEP 05019-000\" \/>\n<meta property=\"og:url\" content=\"https:\/\/rowe.com.br\/portfolio\/entre-em-contato\/\" \/>\n<meta property=\"og:site_name\" content=\"Ilustradoria\" \/>\n<meta property=\"article:publisher\" content=\"https:\/\/www.facebook.com\/roweigand\" \/>\n<meta property=\"article:modified_time\" content=\"2020-12-19T22:08:01+00:00\" \/>\n<meta name=\"twitter:label1\" content=\"Est. tempo de leitura\" \/>\n\t<meta name=\"twitter:data1\" content=\"1 minuto\" \/>\n<script type=\"application\/ld+json\" class=\"yoast-schema-graph\">{\"@context\":\"https:\\\/\\\/schema.org\",\"@graph\":[{\"@type\":\"WebPage\",\"@id\":\"https:\\\/\\\/rowe.com.br\\\/portfolio\\\/entre-em-contato\\\/\",\"url\":\"https:\\\/\\\/rowe.com.br\\\/portfolio\\\/entre-em-contato\\\/\",\"name\":\"Contato - Roberto Weigand Est\u00fadio\",\"isPartOf\":{\"@id\":\"https:\\\/\\\/rowe.com.br\\\/portfolio\\\/#website\"},\"datePublished\":\"2011-04-08T05:56:41+00:00\",\"dateModified\":\"2020-12-19T22:08:01+00:00\",\"description\":\"Contatos do ilustrador Roberto Weigand. WhatsApp: (11) 99566-8890. Rua Diana, 715 - Cj 82 P - CEP 05019-000\",\"breadcrumb\":{\"@id\":\"https:\\\/\\\/rowe.com.br\\\/portfolio\\\/entre-em-contato\\\/#breadcrumb\"},\"inLanguage\":\"pt-BR\",\"potentialAction\":[{\"@type\":\"ReadAction\",\"target\":[\"https:\\\/\\\/rowe.com.br\\\/portfolio\\\/entre-em-contato\\\/\"]}]},{\"@type\":\"BreadcrumbList\",\"@id\":\"https:\\\/\\\/rowe.com.br\\\/portfolio\\\/entre-em-contato\\\/#breadcrumb\",\"itemListElement\":[{\"@type\":\"ListItem\",\"position\":1,\"name\":\"Home\",\"item\":\"https:\\\/\\\/rowe.com.br\\\/portfolio\\\/\"},{\"@type\":\"ListItem\",\"position\":2,\"name\":\"Entre em contato\"}]},{\"@type\":\"WebSite\",\"@id\":\"https:\\\/\\\/rowe.com.br\\\/portfolio\\\/#website\",\"url\":\"https:\\\/\\\/rowe.com.br\\\/portfolio\\\/\",\"name\":\"Ilustradoria\",\"description\":\"Portfolio do est\u00fadio de ilustra\u00e7\u00e3o Roberto Weigand\",\"publisher\":{\"@id\":\"https:\\\/\\\/rowe.com.br\\\/portfolio\\\/#organization\"},\"potentialAction\":[{\"@type\":\"SearchAction\",\"target\":{\"@type\":\"EntryPoint\",\"urlTemplate\":\"https:\\\/\\\/rowe.com.br\\\/portfolio\\\/?s={search_term_string}\"},\"query-input\":{\"@type\":\"PropertyValueSpecification\",\"valueRequired\":true,\"valueName\":\"search_term_string\"}}],\"inLanguage\":\"pt-BR\"},{\"@type\":\"Organization\",\"@id\":\"https:\\\/\\\/rowe.com.br\\\/portfolio\\\/#organization\",\"name\":\"Ilustradoria - Ilustra\u00e7\u00e3o e Design Editorial\",\"url\":\"https:\\\/\\\/rowe.com.br\\\/portfolio\\\/\",\"logo\":{\"@type\":\"ImageObject\",\"inLanguage\":\"pt-BR\",\"@id\":\"https:\\\/\\\/rowe.com.br\\\/portfolio\\\/#\\\/schema\\\/logo\\\/image\\\/\",\"url\":\"https:\\\/\\\/rowe.com.br\\\/wp-content\\\/uploads\\\/2019\\\/04\\\/ilustradoria_logo_200.png\",\"contentUrl\":\"https:\\\/\\\/rowe.com.br\\\/wp-content\\\/uploads\\\/2019\\\/04\\\/ilustradoria_logo_200.png\",\"width\":200,\"height\":46,\"caption\":\"Ilustradoria - Ilustra\u00e7\u00e3o e Design Editorial\"},\"image\":{\"@id\":\"https:\\\/\\\/rowe.com.br\\\/portfolio\\\/#\\\/schema\\\/logo\\\/image\\\/\"},\"sameAs\":[\"https:\\\/\\\/www.facebook.com\\\/roweigand\",\"https:\\\/\\\/x.com\\\/rowestudio\",\"https:\\\/\\\/www.instagram.com\\\/rowestudio\\\/\",\"https:\\\/\\\/www.linkedin.com\\\/in\\\/roweigand\",\"https:\\\/\\\/br.pinterest.com\\\/robertoweigand\\\/\"]}]}<\/script>\n<!-- \/ Yoast SEO plugin. -->","yoast_head_json":{"title":"Contato - Roberto Weigand Est\u00fadio","description":"Contatos do ilustrador Roberto Weigand. WhatsApp: (11) 99566-8890. Rua Diana, 715 - Cj 82 P - CEP 05019-000","robots":{"index":"index","follow":"follow","max-snippet":"max-snippet:-1","max-image-preview":"max-image-preview:large","max-video-preview":"max-video-preview:-1"},"canonical":"https:\/\/rowe.com.br\/portfolio\/entre-em-contato\/","og_locale":"pt_BR","og_type":"article","og_title":"Contato - Roberto Weigand Est\u00fadio","og_description":"Contatos do ilustrador Roberto Weigand. WhatsApp: (11) 99566-8890. Rua Diana, 715 - Cj 82 P - CEP 05019-000","og_url":"https:\/\/rowe.com.br\/portfolio\/entre-em-contato\/","og_site_name":"Ilustradoria","article_publisher":"https:\/\/www.facebook.com\/roweigand","article_modified_time":"2020-12-19T22:08:01+00:00","twitter_misc":{"Est. tempo de leitura":"1 minuto"},"schema":{"@context":"https:\/\/schema.org","@graph":[{"@type":"WebPage","@id":"https:\/\/rowe.com.br\/portfolio\/entre-em-contato\/","url":"https:\/\/rowe.com.br\/portfolio\/entre-em-contato\/","name":"Contato - Roberto Weigand Est\u00fadio","isPartOf":{"@id":"https:\/\/rowe.com.br\/portfolio\/#website"},"datePublished":"2011-04-08T05:56:41+00:00","dateModified":"2020-12-19T22:08:01+00:00","description":"Contatos do ilustrador Roberto Weigand. WhatsApp: (11) 99566-8890. Rua Diana, 715 - Cj 82 P - CEP 05019-000","breadcrumb":{"@id":"https:\/\/rowe.com.br\/portfolio\/entre-em-contato\/#breadcrumb"},"inLanguage":"pt-BR","potentialAction":[{"@type":"ReadAction","target":["https:\/\/rowe.com.br\/portfolio\/entre-em-contato\/"]}]},{"@type":"BreadcrumbList","@id":"https:\/\/rowe.com.br\/portfolio\/entre-em-contato\/#breadcrumb","itemListElement":[{"@type":"ListItem","position":1,"name":"Home","item":"https:\/\/rowe.com.br\/portfolio\/"},{"@type":"ListItem","position":2,"name":"Entre em contato"}]},{"@type":"WebSite","@id":"https:\/\/rowe.com.br\/portfolio\/#website","url":"https:\/\/rowe.com.br\/portfolio\/","name":"Ilustradoria","description":"Portfolio do est\u00fadio de ilustra\u00e7\u00e3o Roberto Weigand","publisher":{"@id":"https:\/\/rowe.com.br\/portfolio\/#organization"},"potentialAction":[{"@type":"SearchAction","target":{"@type":"EntryPoint","urlTemplate":"https:\/\/rowe.com.br\/portfolio\/?s={search_term_string}"},"query-input":{"@type":"PropertyValueSpecification","valueRequired":true,"valueName":"search_term_string"}}],"inLanguage":"pt-BR"},{"@type":"Organization","@id":"https:\/\/rowe.com.br\/portfolio\/#organization","name":"Ilustradoria - Ilustra\u00e7\u00e3o e Design Editorial","url":"https:\/\/rowe.com.br\/portfolio\/","logo":{"@type":"ImageObject","inLanguage":"pt-BR","@id":"https:\/\/rowe.com.br\/portfolio\/#\/schema\/logo\/image\/","url":"https:\/\/rowe.com.br\/wp-content\/uploads\/2019\/04\/ilustradoria_logo_200.png","contentUrl":"https:\/\/rowe.com.br\/wp-content\/uploads\/2019\/04\/ilustradoria_logo_200.png","width":200,"height":46,"caption":"Ilustradoria - Ilustra\u00e7\u00e3o e Design Editorial"},"image":{"@id":"https:\/\/rowe.com.br\/portfolio\/#\/schema\/logo\/image\/"},"sameAs":["https:\/\/www.facebook.com\/roweigand","https:\/\/x.com\/rowestudio","https:\/\/www.instagram.com\/rowestudio\/","https:\/\/www.linkedin.com\/in\/roweigand","https:\/\/br.pinterest.com\/robertoweigand\/"]}]}},"jetpack_shortlink":"https:\/\/wp.me\/PeMjLf-By","jetpack_sharing_enabled":true,"_links":{"self":[{"href":"https:\/\/rowe.com.br\/portfolio\/wp-json\/wp\/v2\/pages\/2328","targetHints":{"allow":["GET"]}}],"collection":[{"href":"https:\/\/rowe.com.br\/portfolio\/wp-json\/wp\/v2\/pages"}],"about":[{"href":"https:\/\/rowe.com.br\/portfolio\/wp-json\/wp\/v2\/types\/page"}],"author":[{"embeddable":true,"href":"https:\/\/rowe.com.br\/portfolio\/wp-json\/wp\/v2\/users\/1"}],"replies":[{"embeddable":true,"href":"https:\/\/rowe.com.br\/portfolio\/wp-json\/wp\/v2\/comments?post=2328"}],"version-history":[{"count":83,"href":"https:\/\/rowe.com.br\/portfolio\/wp-json\/wp\/v2\/pages\/2328\/revisions"}],"predecessor-version":[{"id":9805,"href":"https:\/\/rowe.com.br\/portfolio\/wp-json\/wp\/v2\/pages\/2328\/revisions\/9805"}],"wp:attachment":[{"href":"https:\/\/rowe.com.br\/portfolio\/wp-json\/wp\/v2\/media?parent=2328"}],"curies":[{"name":"wp","href":"https:\/\/api.w.org\/{rel}","templated":true}]}}